{"id":7,"date":"2026-04-16T22:19:48","date_gmt":"2026-04-16T20:19:48","guid":{"rendered":"https:\/\/cardrivemanager.com\/start\/?page_id=7"},"modified":"2026-04-20T14:43:23","modified_gmt":"2026-04-20T12:43:23","slug":"cennik","status":"publish","type":"page","link":"https:\/\/cardrivemanager.com\/start\/cennik\/","title":{"rendered":"Cennik"},"content":{"rendered":"\n<div class=\"wp-block-columns is-layout-flex wp-container-core-columns-is-layout-9d6595d7 wp-block-columns-is-layout-flex\">\n<div class=\"wp-block-column is-layout-flow wp-block-column-is-layout-flow\">\n<h2 class=\"wp-block-heading\">CRM<\/h2>\n\n\n\n<p>Ten pakiet zawiera wszystkie funkcje zwi\u0105zane z zarz\u0105dzaniem klientami. Dzi\u0119ki temu pakietowi b\u0119d\u0105 mogli pa\u0144stwo rejestrowa\u0107 kursant\u00f3w oraz ich wp\u0142aty, sprawdza\u0107 i planowa\u0107 wiadomo\u015bci do kursant\u00f3w. Ten pakiet u\u0142atwia kampani\u0119 sms&nbsp; maj\u0105ce na celu zwi\u0119kszenie sprzeda\u017cy do klient\u00f3w kt\u00f3rzy ju\u017c s\u0105 w pa\u0144stwa bazie.<\/p>\n\n\n\n<p>Cena: <strong>9.99<\/strong> z\u0142 (w tym vat) <\/p>\n<\/div>\n\n\n\n<div class=\"wp-block-column is-layout-flow wp-block-column-is-layout-flow\">\n<h2 class=\"wp-block-heading\">Podstawowy<\/h2>\n\n\n\n<p>W tym pakiet poza funkcjami CRM posiada r\u00f3wnie\u017c mo\u017cliwo\u015b\u0107 planowania i zarz\u0105dzania zaj\u0119ciami z teorii i z praktyki oraz z egzamin\u00f3w wewn\u0119trznych na prawo jazdy. W tym pakiecie otrzymuj\u0105 pa\u0144stwo dost\u0119p do 3 modeli zarz\u0105dzania dzi\u0119ki czemu zyskuj\u0105 pa\u0144stwo pe\u0142n\u0105 kontrol\u0119 nad &nbsp;planowaniem zaj\u0119\u0107 w pa\u0144stwa o\u015brodku szkolenia kierowc\u00f3w. W tym pakiecie posiadaj\u0105 pa\u0144stwo r\u00f3wnie\u017c funkcje kt\u00f3re znacz\u0105co skracaj\u0105 czas planowania zaj\u0119\u0107 w OSK.<\/p>\n\n\n\n<p>Cena: <strong>19.99 z\u0142<\/strong> (w tym vat) <\/p>\n<\/div>\n\n\n\n<div class=\"wp-block-column is-layout-flow wp-block-column-is-layout-flow\">\n<h2 class=\"wp-block-heading\">Pe\u0142ny<\/h2>\n\n\n\n<p>W tym pakiecie poza zawarto\u015bci\u0105 2 wcze\u015bniejszych pakiet\u00f3w czyli CRM i podstawowego &#8211; Otrzymuj\u0105 pa\u0144stwo r\u00f3wnie\u017c dost\u0119p do przeprowadzania egzamin\u00f3w wewn\u0119trznych w o\u015brodku szkolenia kierowc\u00f3w. Dodatkowo ka\u017cdy z Pa\u0144stwa kursant\u00f3w otrzymuje dost\u0119p do PrawkoSwipe UNLIMITED. Czyli do aplikacji mobilnej, kt\u00f3ra przyspiesza uczenie si\u0119 zada\u0144 na egzamin z teorii.<\/p>\n\n\n\n<p>Cena: <strong>39.99 z\u0142<\/strong> (w tym vat) <\/p>\n<\/div>\n<\/div>\n\n\n\n<p>*Pierwsze 14 dni testowania jest za darmo. Podczas tego okresu zyskuj\u0105 Pa\u0144stwo dost\u0119p do pe\u0142nego pakietu funkcji naszego systemu.<\/p>\n","protected":false},"excerpt":{"rendered":"<p>CRM Ten pakiet zawiera wszystkie funkcje zwi\u0105zane z zarz\u0105dzaniem klientami. Dzi\u0119ki temu pakietowi b\u0119d\u0105 mogli pa\u0144stwo rejestrowa\u0107 kursant\u00f3w oraz ich wp\u0142aty, sprawdza\u0107 i planowa\u0107 wiadomo\u015bci do kursant\u00f3w. Ten pakiet u\u0142atwia kampani\u0119 sms&nbsp; maj\u0105ce na celu zwi\u0119kszenie sprzeda\u017cy do klient\u00f3w kt\u00f3rzy ju\u017c s\u0105 w pa\u0144stwa bazie. Cena: 9.99 z\u0142 (w tym vat) Podstawowy W tym pakiet [&hellip;]<\/p>\n","protected":false},"author":1,"featured_media":0,"parent":0,"menu_order":0,"comment_status":"closed","ping_status":"closed","template":"","meta":{"footnotes":""},"class_list":["post-7","page","type-page","status-publish","hentry"],"_links":{"self":[{"href":"https:\/\/cardrivemanager.com\/start\/wp-json\/wp\/v2\/pages\/7","targetHints":{"allow":["GET"]}}],"collection":[{"href":"https:\/\/cardrivemanager.com\/start\/wp-json\/wp\/v2\/pages"}],"about":[{"href":"https:\/\/cardrivemanager.com\/start\/wp-json\/wp\/v2\/types\/page"}],"author":[{"embeddable":true,"href":"https:\/\/cardrivemanager.com\/start\/wp-json\/wp\/v2\/users\/1"}],"replies":[{"embeddable":true,"href":"https:\/\/cardrivemanager.com\/start\/wp-json\/wp\/v2\/comments?post=7"}],"version-history":[{"count":10,"href":"https:\/\/cardrivemanager.com\/start\/wp-json\/wp\/v2\/pages\/7\/revisions"}],"predecessor-version":[{"id":175,"href":"https:\/\/cardrivemanager.com\/start\/wp-json\/wp\/v2\/pages\/7\/revisions\/175"}],"wp:attachment":[{"href":"https:\/\/cardrivemanager.com\/start\/wp-json\/wp\/v2\/media?parent=7"}],"curies":[{"name":"wp","href":"https:\/\/api.w.org\/{rel}","templated":true}]}}